{"id":311,"date":"2022-08-17T23:27:14","date_gmt":"2022-08-17T21:27:14","guid":{"rendered":"https:\/\/hradna.com\/?page_id=311"},"modified":"2025-04-02T13:35:41","modified_gmt":"2025-04-02T11:35:41","slug":"our-partners","status":"publish","type":"page","link":"https:\/\/hradna.com\/en\/our-partners\/","title":{"rendered":"Our partners"},"content":{"rendered":"<style>\r\n#bg-pic {background-color:black; min-height:30vh}\r\n#bg-pic h1 {padding-top:10vh}\r\n#partners {text-align:center; -webkit-animation: contactTop 520ms ease-out 0.3s forwards;\r\nopacity:0;\r\n    -moz-animation: contactTop 520ms ease-out 0.53s forwards;\r\n    -ms-animation: contactTop 520ms ease-out 0.53s forwards;\r\n    animation: contactTop 520ms ease-out 0.53s forwards;}\r\n#partners a {transition:all .3s; margin:20px auto; display:inline-block; max-width: 190px;\r\n    margin: 60px;}\r\n#partners a:hover {transform:scale(1.05);}\r\n<\/style>\r\n\r\n<div id=\"partners\">\r\n<a style=\"max-width:300px; text-align:center;\" href=\"https:\/\/latara.sk\/\" id=\"latara\" target=\"_blank\" rel=\"noopener\"><i><\/i><b>Wedding agency LaTara<\/b><\/a>\r\n<a href=\"http:\/\/www.shineproduction.sk\/\" target=\"_blank\" rel=\"noopener\"><img loading=\"lazy\" decoding=\"async\" src=\"https:\/\/hradna.com\/wp-content\/uploads\/2022\/08\/shine-300x210.jpg\" alt=\"\" width=\"300\" height=\"210\" class=\"alignnone size-medium wp-image-185\" srcset=\"https:\/\/hradna.com\/wp-content\/uploads\/2022\/08\/shine-300x210.jpg 300w, https:\/\/hradna.com\/wp-content\/uploads\/2022\/08\/shine.jpg 710w\" sizes=\"auto, (max-width: 300px) 100vw, 300px\" \/><\/a>\r\n<\/div>","protected":false},"excerpt":{"rendered":"Wedding agency LaTara","protected":false},"author":1,"featured_media":0,"parent":0,"menu_order":0,"comment_status":"closed","ping_status":"closed","template":"","meta":{"footnotes":""},"class_list":["post-311","page","type-page","status-publish","hentry"],"yoast_head":"<!-- This site is optimized with the Yoast SEO plugin v18.3 - https:\/\/yoast.com\/wordpress\/plugins\/seo\/ -->\n<title>Our partners - Hradn\u00e1 Re\u0161taur\u00e1cia<\/title>\n<meta name=\"robots\" content=\"index, follow, max-snippet:-1, max-image-preview:large, max-video-preview:-1\" \/>\n<link rel=\"canonical\" href=\"https:\/\/hradna.com\/en\/our-partners\/\" \/>\n<meta property=\"og:locale\" content=\"en_US\" \/>\n<meta property=\"og:type\" content=\"article\" \/>\n<meta property=\"og:title\" content=\"Our partners - Hradn\u00e1 Re\u0161taur\u00e1cia\" \/>\n<meta property=\"og:description\" content=\"Wedding agency LaTara\" \/>\n<meta property=\"og:url\" content=\"https:\/\/hradna.com\/en\/our-partners\/\" \/>\n<meta property=\"og:site_name\" content=\"Hradn\u00e1 Re\u0161taur\u00e1cia\" \/>\n<meta property=\"article:publisher\" content=\"https:\/\/www.facebook.com\/Re%c5%a1taur%c3%a1cia-HRADN%c3%81-101880362453349\" \/>\n<meta property=\"article:modified_time\" content=\"2025-04-02T11:35:41+00:00\" \/>\n<meta property=\"og:image\" content=\"https:\/\/hradna.com\/wp-content\/uploads\/2022\/08\/shine-300x210.jpg\" \/>\n<meta name=\"twitter:card\" content=\"summary_large_image\" \/>\n<script type=\"application\/ld+json\" class=\"yoast-schema-graph\">{\"@context\":\"https:\/\/schema.org\",\"@graph\":[{\"@type\":\"WebSite\",\"@id\":\"https:\/\/hradna.com\/#website\",\"url\":\"https:\/\/hradna.com\/\",\"name\":\"Hradn\u00e1 Re\u0161taur\u00e1cia\",\"description\":\"Nov\u00e1 kultov\u00e1 re\u0161taur\u00e1cia na Bratislavskom hrade\",\"potentialAction\":[{\"@type\":\"SearchAction\",\"target\":{\"@type\":\"EntryPoint\",\"urlTemplate\":\"https:\/\/hradna.com\/?s={search_term_string}\"},\"query-input\":\"required name=search_term_string\"}],\"inLanguage\":\"en-US\"},{\"@type\":\"ImageObject\",\"@id\":\"https:\/\/hradna.com\/en\/our-partners\/#primaryimage\",\"inLanguage\":\"en-US\",\"url\":\"https:\/\/hradna.com\/wp-content\/uploads\/2022\/08\/shine.jpg\",\"contentUrl\":\"https:\/\/hradna.com\/wp-content\/uploads\/2022\/08\/shine.jpg\",\"width\":710,\"height\":497},{\"@type\":\"WebPage\",\"@id\":\"https:\/\/hradna.com\/en\/our-partners\/#webpage\",\"url\":\"https:\/\/hradna.com\/en\/our-partners\/\",\"name\":\"Our partners - Hradn\u00e1 Re\u0161taur\u00e1cia\",\"isPartOf\":{\"@id\":\"https:\/\/hradna.com\/#website\"},\"primaryImageOfPage\":{\"@id\":\"https:\/\/hradna.com\/en\/our-partners\/#primaryimage\"},\"datePublished\":\"2022-08-17T21:27:14+00:00\",\"dateModified\":\"2025-04-02T11:35:41+00:00\",\"breadcrumb\":{\"@id\":\"https:\/\/hradna.com\/en\/our-partners\/#breadcrumb\"},\"inLanguage\":\"en-US\",\"potentialAction\":[{\"@type\":\"ReadAction\",\"target\":[\"https:\/\/hradna.com\/en\/our-partners\/\"]}]},{\"@type\":\"BreadcrumbList\",\"@id\":\"https:\/\/hradna.com\/en\/our-partners\/#breadcrumb\",\"itemListElement\":[{\"@type\":\"ListItem\",\"position\":1,\"name\":\"Domovsk\u00e1 str\u00e1nka\",\"item\":\"https:\/\/hradna.com\/\"},{\"@type\":\"ListItem\",\"position\":2,\"name\":\"Our partners\"}]}]}<\/script>\n<!-- \/ Yoast SEO plugin. -->","yoast_head_json":{"title":"Our partners - Hradn\u00e1 Re\u0161taur\u00e1cia","robots":{"index":"index","follow":"follow","max-snippet":"max-snippet:-1","max-image-preview":"max-image-preview:large","max-video-preview":"max-video-preview:-1"},"canonical":"https:\/\/hradna.com\/en\/our-partners\/","og_locale":"en_US","og_type":"article","og_title":"Our partners - Hradn\u00e1 Re\u0161taur\u00e1cia","og_description":"Wedding agency LaTara","og_url":"https:\/\/hradna.com\/en\/our-partners\/","og_site_name":"Hradn\u00e1 Re\u0161taur\u00e1cia","article_publisher":"https:\/\/www.facebook.com\/Re%c5%a1taur%c3%a1cia-HRADN%c3%81-101880362453349","article_modified_time":"2025-04-02T11:35:41+00:00","og_image":[{"url":"https:\/\/hradna.com\/wp-content\/uploads\/2022\/08\/shine-300x210.jpg"}],"twitter_card":"summary_large_image","schema":{"@context":"https:\/\/schema.org","@graph":[{"@type":"WebSite","@id":"https:\/\/hradna.com\/#website","url":"https:\/\/hradna.com\/","name":"Hradn\u00e1 Re\u0161taur\u00e1cia","description":"Nov\u00e1 kultov\u00e1 re\u0161taur\u00e1cia na Bratislavskom hrade","potentialAction":[{"@type":"SearchAction","target":{"@type":"EntryPoint","urlTemplate":"https:\/\/hradna.com\/?s={search_term_string}"},"query-input":"required name=search_term_string"}],"inLanguage":"en-US"},{"@type":"ImageObject","@id":"https:\/\/hradna.com\/en\/our-partners\/#primaryimage","inLanguage":"en-US","url":"https:\/\/hradna.com\/wp-content\/uploads\/2022\/08\/shine.jpg","contentUrl":"https:\/\/hradna.com\/wp-content\/uploads\/2022\/08\/shine.jpg","width":710,"height":497},{"@type":"WebPage","@id":"https:\/\/hradna.com\/en\/our-partners\/#webpage","url":"https:\/\/hradna.com\/en\/our-partners\/","name":"Our partners - Hradn\u00e1 Re\u0161taur\u00e1cia","isPartOf":{"@id":"https:\/\/hradna.com\/#website"},"primaryImageOfPage":{"@id":"https:\/\/hradna.com\/en\/our-partners\/#primaryimage"},"datePublished":"2022-08-17T21:27:14+00:00","dateModified":"2025-04-02T11:35:41+00:00","breadcrumb":{"@id":"https:\/\/hradna.com\/en\/our-partners\/#breadcrumb"},"inLanguage":"en-US","potentialAction":[{"@type":"ReadAction","target":["https:\/\/hradna.com\/en\/our-partners\/"]}]},{"@type":"BreadcrumbList","@id":"https:\/\/hradna.com\/en\/our-partners\/#breadcrumb","itemListElement":[{"@type":"ListItem","position":1,"name":"Domovsk\u00e1 str\u00e1nka","item":"https:\/\/hradna.com\/"},{"@type":"ListItem","position":2,"name":"Our partners"}]}]}},"_links":{"self":[{"href":"https:\/\/hradna.com\/en\/wp-json\/wp\/v2\/pages\/311","targetHints":{"allow":["GET"]}}],"collection":[{"href":"https:\/\/hradna.com\/en\/wp-json\/wp\/v2\/pages"}],"about":[{"href":"https:\/\/hradna.com\/en\/wp-json\/wp\/v2\/types\/page"}],"author":[{"embeddable":true,"href":"https:\/\/hradna.com\/en\/wp-json\/wp\/v2\/users\/1"}],"replies":[{"embeddable":true,"href":"https:\/\/hradna.com\/en\/wp-json\/wp\/v2\/comments?post=311"}],"version-history":[{"count":2,"href":"https:\/\/hradna.com\/en\/wp-json\/wp\/v2\/pages\/311\/revisions"}],"predecessor-version":[{"id":2159,"href":"https:\/\/hradna.com\/en\/wp-json\/wp\/v2\/pages\/311\/revisions\/2159"}],"wp:attachment":[{"href":"https:\/\/hradna.com\/en\/wp-json\/wp\/v2\/media?parent=311"}],"curies":[{"name":"wp","href":"https:\/\/api.w.org\/{rel}","templated":true}]}}