{"id":303,"date":"2022-08-17T23:21:01","date_gmt":"2022-08-17T21:21:01","guid":{"rendered":"https:\/\/hradna.com\/?page_id=303"},"modified":"2026-04-09T09:40:55","modified_gmt":"2026-04-09T07:40:55","slug":"contact","status":"publish","type":"page","link":"https:\/\/hradna.com\/en\/contact\/","title":{"rendered":"Contact"},"content":{"rendered":"<div id=\"kontakt-page\" style=\"\">\r\n\r\n<div class=\"left\">\r\n<div class=\"adresa In\">\r\n\t\t\t\t\t<h3>Address<\/h3>\r\n\t\t\t\t\tBratislavsk\u00fd hrad<br>\r\nN\u00e1mestie Alexandra Dub\u010deka 1<br>\r\n811 01 Bratislava<br>\r\n\r\nSlovakia<br><br>\r\n\r\n<h3>Restaurant<\/h3>\r\n\r\n<a href=\"tel:+421 948 364 887\">+421 948 364 887<\/a><br>\r\n<br>\r\n<h3>Opening hours<\/h3>\r\n\r\nMonday \u2013 Sunday: 10:00 \u2013 22:00<br>\r\n\r\n<h3>Search of premises and events<\/h3>\r\n\r\n<a href=\"tel:+421 949 015 016\">+421 949 015 016<\/a><br>\r\n\r\n\t\t\t\t\t\r\n\r\n<a href=\"mailto:info@hradna.com\">info@hradna.com<\/a><br>\r\n\r\n<\/div>\r\n\r\n\r\n\r\n\r\n<div class=\"kontakty In\">\r\n\t\t\t\t\t<h3>Invoicing address<\/h3>\r\n\t\t\t\t\tCITY GASTRO a.s.<br>\r\nSlia\u010dska 1\/E<br>\r\n831 02 Bratislava<br><br>\r\n\r\n\r\nCompany ID: 46 323 279<br>\r\nTax ID: 2023335237<br>\r\nVAT ID: SK 2023335237<br>\r\n\r\n\t\t\t\t\t\r\n\t\t\t\t<\/div>\r\n\r\n\r\n\r\n<\/div>\r\n\r\n<div id=\"formular\">\r\n<h3>Write us<\/h3>\r\n<div role=\"form\" class=\"wpcf7\" id=\"wpcf7-f2290-o1\" lang=\"sk-SK\" dir=\"ltr\">\n<div class=\"screen-reader-response\" role=\"alert\" aria-live=\"polite\"><\/div>\n<form action=\"\/en\/wp-json\/wp\/v2\/pages\/303#wpcf7-f2290-o1\" method=\"post\" class=\"wpcf7-form init\" novalidate=\"novalidate\">\n<div style=\"display: none;\">\n<input type=\"hidden\" name=\"_wpcf7\" value=\"2290\" \/>\n<input type=\"hidden\" name=\"_wpcf7_version\" value=\"5.2.2\" \/>\n<input type=\"hidden\" name=\"_wpcf7_locale\" value=\"sk_SK\" \/>\n<input type=\"hidden\" name=\"_wpcf7_unit_tag\" value=\"wpcf7-f2290-o1\" \/>\n<input type=\"hidden\" name=\"_wpcf7_container_post\" value=\"0\" \/>\n<input type=\"hidden\" name=\"_wpcf7_posted_data_hash\" value=\"\" \/>\n<input type=\"hidden\" name=\"_wpcf7_recaptcha_response\" value=\"\" \/>\n<\/div>\n<p><label><span class=\"p\">Your name*<\/span><span class=\"wpcf7-form-control-wrap your-name\"><input type=\"text\" name=\"your-name\" value=\"\" size=\"40\" class=\"wpcf7-form-control wpcf7-text wpcf7-validates-as-required\" aria-required=\"true\" aria-invalid=\"false\" placeholder=\"Your name\" \/><\/span><\/label><\/p>\n<p><label><br \/>\n<span class=\"p\">Your email*<\/span><br \/>\n    <span class=\"wpcf7-form-control-wrap your-email\"><input type=\"email\" name=\"your-email\" value=\"\" size=\"40\" class=\"wpcf7-form-control wpcf7-text wpcf7-email wpcf7-validates-as-required wpcf7-validates-as-email\" aria-required=\"true\" aria-invalid=\"false\" placeholder=\"Your email*\" \/><\/span> <\/label><\/p>\n<p><label><br \/>\n<span class=\"p\">Phone*<\/span><br \/>\n    <span class=\"wpcf7-form-control-wrap your-phone\"><input type=\"text\" name=\"your-phone\" value=\"\" size=\"40\" class=\"wpcf7-form-control wpcf7-text wpcf7-validates-as-required\" aria-required=\"true\" aria-invalid=\"false\" placeholder=\"Phone\" \/><\/span> <\/label><\/p>\n<p><label><br \/>\n<span class=\"p\">Your message<\/span><br \/>\n    <span class=\"wpcf7-form-control-wrap your-message\"><textarea name=\"your-message\" cols=\"40\" rows=\"10\" class=\"wpcf7-form-control wpcf7-textarea\" aria-invalid=\"false\" placeholder=\"Your message, what should we know...\"><\/textarea><\/span> <\/label><\/p>\n<p><input type=\"submit\" value=\"Send\" class=\"wpcf7-form-control wpcf7-submit\" \/><\/p>\n<div class=\"wpcf7-response-output\" role=\"alert\" aria-hidden=\"true\"><\/div><\/form><\/div><\/div>\r\n<\/div>\r\n\r\n\r\n\r\n\r\n<iframe id=\"mapka\" src=\"https:\/\/www.google.com\/maps\/embed?pb=!1m18!1m12!1m3!1d475.5290799901122!2d17.100618860275826!3d48.13903500603301!2m3!1f0!2f39.271132134004375!3f0!3m2!1i1024!2i768!4f35!3m3!1m2!1s0x476c898396fcaa0b%3A0x376450ca169834fb!2sHradn%C3%A1%20Events!5e1!3m2!1ssk!2ssk!4v1651210348657!5m2!1ssk!2ssk\" width=\"600\" height=\"450\" style=\"border:0;\" allowfullscreen=\"\" loading=\"lazy\" referrerpolicy=\"no-referrer-when-downgrade\"><\/iframe>\r\n\r\n\r\n\r\n","protected":false},"excerpt":{"rendered":"Address Bratislavsk\u00fd hrad N\u00e1mestie Alexandra Dub\u010deka 1 811 01 Bratislava Slovakia Restaurant +421 948 364 887 Opening hours Monday \u2013 Sunday: 10:00 \u2013 22:00 Search of premises and events +421 949 015 016 info@hradna.com Invoicing address CITY GASTRO a.s. Slia\u010dska 1\/E 831 02 Bratislava Company ID: 46 323 279 Tax ID: 2023335237 VAT ID: SK &hellip; <p class=\"link-more\"><a href=\"https:\/\/hradna.com\/en\/contact\/\" class=\"more-link\">Continue reading<span class=\"screen-reader-text\"> &#8220;Contact&#8221;<\/span><\/a><\/p>","protected":false},"author":1,"featured_media":208,"parent":0,"menu_order":0,"comment_status":"closed","ping_status":"closed","template":"","meta":{"footnotes":""},"class_list":["post-303","page","type-page","status-publish","has-post-thumbnail","hentry"],"yoast_head":"<!-- This site is optimized with the Yoast SEO plugin v18.3 - https:\/\/yoast.com\/wordpress\/plugins\/seo\/ -->\n<title>Contact - Hradn\u00e1 Re\u0161taur\u00e1cia<\/title>\n<meta name=\"robots\" content=\"index, follow, max-snippet:-1, max-image-preview:large, max-video-preview:-1\" \/>\n<link rel=\"canonical\" href=\"https:\/\/hradna.com\/en\/contact\/\" \/>\n<meta property=\"og:locale\" content=\"en_US\" \/>\n<meta property=\"og:type\" content=\"article\" \/>\n<meta property=\"og:title\" content=\"Contact - Hradn\u00e1 Re\u0161taur\u00e1cia\" \/>\n<meta property=\"og:description\" content=\"Address Bratislavsk\u00fd hrad N\u00e1mestie Alexandra Dub\u010deka 1 811 01 Bratislava Slovakia Restaurant +421 948 364 887 Opening hours Monday \u2013 Sunday: 10:00 \u2013 22:00 Search of premises and events +421 949 015 016 info@hradna.com Invoicing address CITY GASTRO a.s. Slia\u010dska 1\/E 831 02 Bratislava Company ID: 46 323 279 Tax ID: 2023335237 VAT ID: SK &hellip; Continue reading &quot;Contact&quot;\" \/>\n<meta property=\"og:url\" content=\"https:\/\/hradna.com\/en\/contact\/\" \/>\n<meta property=\"og:site_name\" content=\"Hradn\u00e1 Re\u0161taur\u00e1cia\" \/>\n<meta property=\"article:publisher\" content=\"https:\/\/www.facebook.com\/Re%c5%a1taur%c3%a1cia-HRADN%c3%81-101880362453349\" \/>\n<meta property=\"article:modified_time\" content=\"2026-04-09T07:40:55+00:00\" \/>\n<meta property=\"og:image\" content=\"https:\/\/hradna.com\/wp-content\/uploads\/2020\/09\/hrad-rest.jpg\" \/>\n\t<meta property=\"og:image:width\" content=\"2000\" \/>\n\t<meta property=\"og:image:height\" content=\"1337\" \/>\n\t<meta property=\"og:image:type\" content=\"image\/jpeg\" \/>\n<meta name=\"twitter:card\" content=\"summary_large_image\" \/>\n<script type=\"application\/ld+json\" class=\"yoast-schema-graph\">{\"@context\":\"https:\/\/schema.org\",\"@graph\":[{\"@type\":\"WebSite\",\"@id\":\"https:\/\/hradna.com\/#website\",\"url\":\"https:\/\/hradna.com\/\",\"name\":\"Hradn\u00e1 Re\u0161taur\u00e1cia\",\"description\":\"Nov\u00e1 kultov\u00e1 re\u0161taur\u00e1cia na Bratislavskom hrade\",\"potentialAction\":[{\"@type\":\"SearchAction\",\"target\":{\"@type\":\"EntryPoint\",\"urlTemplate\":\"https:\/\/hradna.com\/?s={search_term_string}\"},\"query-input\":\"required name=search_term_string\"}],\"inLanguage\":\"en-US\"},{\"@type\":\"ImageObject\",\"@id\":\"https:\/\/hradna.com\/en\/contact\/#primaryimage\",\"inLanguage\":\"en-US\",\"url\":\"https:\/\/hradna.com\/wp-content\/uploads\/2020\/09\/hrad-rest.jpg\",\"contentUrl\":\"https:\/\/hradna.com\/wp-content\/uploads\/2020\/09\/hrad-rest.jpg\",\"width\":2000,\"height\":1337},{\"@type\":\"WebPage\",\"@id\":\"https:\/\/hradna.com\/en\/contact\/#webpage\",\"url\":\"https:\/\/hradna.com\/en\/contact\/\",\"name\":\"Contact - Hradn\u00e1 Re\u0161taur\u00e1cia\",\"isPartOf\":{\"@id\":\"https:\/\/hradna.com\/#website\"},\"primaryImageOfPage\":{\"@id\":\"https:\/\/hradna.com\/en\/contact\/#primaryimage\"},\"datePublished\":\"2022-08-17T21:21:01+00:00\",\"dateModified\":\"2026-04-09T07:40:55+00:00\",\"breadcrumb\":{\"@id\":\"https:\/\/hradna.com\/en\/contact\/#breadcrumb\"},\"inLanguage\":\"en-US\",\"potentialAction\":[{\"@type\":\"ReadAction\",\"target\":[\"https:\/\/hradna.com\/en\/contact\/\"]}]},{\"@type\":\"BreadcrumbList\",\"@id\":\"https:\/\/hradna.com\/en\/contact\/#breadcrumb\",\"itemListElement\":[{\"@type\":\"ListItem\",\"position\":1,\"name\":\"Domovsk\u00e1 str\u00e1nka\",\"item\":\"https:\/\/hradna.com\/\"},{\"@type\":\"ListItem\",\"position\":2,\"name\":\"Contact\"}]}]}<\/script>\n<!-- \/ Yoast SEO plugin. -->","yoast_head_json":{"title":"Contact - Hradn\u00e1 Re\u0161taur\u00e1cia","robots":{"index":"index","follow":"follow","max-snippet":"max-snippet:-1","max-image-preview":"max-image-preview:large","max-video-preview":"max-video-preview:-1"},"canonical":"https:\/\/hradna.com\/en\/contact\/","og_locale":"en_US","og_type":"article","og_title":"Contact - Hradn\u00e1 Re\u0161taur\u00e1cia","og_description":"Address Bratislavsk\u00fd hrad N\u00e1mestie Alexandra Dub\u010deka 1 811 01 Bratislava Slovakia Restaurant +421 948 364 887 Opening hours Monday \u2013 Sunday: 10:00 \u2013 22:00 Search of premises and events +421 949 015 016 info@hradna.com Invoicing address CITY GASTRO a.s. Slia\u010dska 1\/E 831 02 Bratislava Company ID: 46 323 279 Tax ID: 2023335237 VAT ID: SK &hellip; Continue reading \"Contact\"","og_url":"https:\/\/hradna.com\/en\/contact\/","og_site_name":"Hradn\u00e1 Re\u0161taur\u00e1cia","article_publisher":"https:\/\/www.facebook.com\/Re%c5%a1taur%c3%a1cia-HRADN%c3%81-101880362453349","article_modified_time":"2026-04-09T07:40:55+00:00","og_image":[{"width":2000,"height":1337,"url":"https:\/\/hradna.com\/wp-content\/uploads\/2020\/09\/hrad-rest.jpg","type":"image\/jpeg"}],"twitter_card":"summary_large_image","schema":{"@context":"https:\/\/schema.org","@graph":[{"@type":"WebSite","@id":"https:\/\/hradna.com\/#website","url":"https:\/\/hradna.com\/","name":"Hradn\u00e1 Re\u0161taur\u00e1cia","description":"Nov\u00e1 kultov\u00e1 re\u0161taur\u00e1cia na Bratislavskom hrade","potentialAction":[{"@type":"SearchAction","target":{"@type":"EntryPoint","urlTemplate":"https:\/\/hradna.com\/?s={search_term_string}"},"query-input":"required name=search_term_string"}],"inLanguage":"en-US"},{"@type":"ImageObject","@id":"https:\/\/hradna.com\/en\/contact\/#primaryimage","inLanguage":"en-US","url":"https:\/\/hradna.com\/wp-content\/uploads\/2020\/09\/hrad-rest.jpg","contentUrl":"https:\/\/hradna.com\/wp-content\/uploads\/2020\/09\/hrad-rest.jpg","width":2000,"height":1337},{"@type":"WebPage","@id":"https:\/\/hradna.com\/en\/contact\/#webpage","url":"https:\/\/hradna.com\/en\/contact\/","name":"Contact - Hradn\u00e1 Re\u0161taur\u00e1cia","isPartOf":{"@id":"https:\/\/hradna.com\/#website"},"primaryImageOfPage":{"@id":"https:\/\/hradna.com\/en\/contact\/#primaryimage"},"datePublished":"2022-08-17T21:21:01+00:00","dateModified":"2026-04-09T07:40:55+00:00","breadcrumb":{"@id":"https:\/\/hradna.com\/en\/contact\/#breadcrumb"},"inLanguage":"en-US","potentialAction":[{"@type":"ReadAction","target":["https:\/\/hradna.com\/en\/contact\/"]}]},{"@type":"BreadcrumbList","@id":"https:\/\/hradna.com\/en\/contact\/#breadcrumb","itemListElement":[{"@type":"ListItem","position":1,"name":"Domovsk\u00e1 str\u00e1nka","item":"https:\/\/hradna.com\/"},{"@type":"ListItem","position":2,"name":"Contact"}]}]}},"_links":{"self":[{"href":"https:\/\/hradna.com\/en\/wp-json\/wp\/v2\/pages\/303","targetHints":{"allow":["GET"]}}],"collection":[{"href":"https:\/\/hradna.com\/en\/wp-json\/wp\/v2\/pages"}],"about":[{"href":"https:\/\/hradna.com\/en\/wp-json\/wp\/v2\/types\/page"}],"author":[{"embeddable":true,"href":"https:\/\/hradna.com\/en\/wp-json\/wp\/v2\/users\/1"}],"replies":[{"embeddable":true,"href":"https:\/\/hradna.com\/en\/wp-json\/wp\/v2\/comments?post=303"}],"version-history":[{"count":34,"href":"https:\/\/hradna.com\/en\/wp-json\/wp\/v2\/pages\/303\/revisions"}],"predecessor-version":[{"id":2711,"href":"https:\/\/hradna.com\/en\/wp-json\/wp\/v2\/pages\/303\/revisions\/2711"}],"wp:featuredmedia":[{"embeddable":true,"href":"https:\/\/hradna.com\/en\/wp-json\/wp\/v2\/media\/208"}],"wp:attachment":[{"href":"https:\/\/hradna.com\/en\/wp-json\/wp\/v2\/media?parent=303"}],"curies":[{"name":"wp","href":"https:\/\/api.w.org\/{rel}","templated":true}]}}