{"id":297,"date":"2022-08-17T23:12:17","date_gmt":"2022-08-17T21:12:17","guid":{"rendered":"https:\/\/hradna.com\/?page_id=297"},"modified":"2025-06-12T08:22:25","modified_gmt":"2025-06-12T06:22:25","slug":"company-events","status":"publish","type":"page","link":"https:\/\/hradna.com\/en\/company-events\/","title":{"rendered":"Company events"},"content":{"rendered":"<div class=\"copy\">\r\n<h2>The most original spot for your company event<\/h2>\r\n\r\nOriginality and style are the two basic prerequisites for a successful event, whether you are organising a Christmas party, a company anniversary, a fashion show or a conference. \r\n <br><br>\r\nAnd you will find much more here with us. Great cuisine, beautiful interior spaces and, most of all, a generous terrace with a unique view over the entire city. You will not find such a combination anywhere else.\r\n<br><br>\r\n<div id='gallery-1' class='gallery galleryid-297 gallery-columns-3 gallery-size-thumbnail'><figure class='gallery-item'>\n\t\t\t<div class='gallery-icon landscape'>\n\t\t\t\t<a href='https:\/\/hradna.com\/wp-content\/uploads\/2022\/10\/GD4A9919.jpg' title=\"\" data-rl_title=\"\" class=\"rl-gallery-link\" data-rl_caption=\"\" data-rel=\"lightbox-gallery-1\"><img loading=\"lazy\" decoding=\"async\" width=\"850\" height=\"850\" src=\"https:\/\/hradna.com\/wp-content\/uploads\/2022\/10\/GD4A9919-850x850.jpg\" class=\"attachment-thumbnail size-thumbnail\" alt=\"\" srcset=\"https:\/\/hradna.com\/wp-content\/uploads\/2022\/10\/GD4A9919-850x850.jpg 850w, https:\/\/hradna.com\/wp-content\/uploads\/2022\/10\/GD4A9919-100x100.jpg 100w\" sizes=\"auto, 100vw\" \/><\/a>\n\t\t\t<\/div><\/figure><figure class='gallery-item'>\n\t\t\t<div class='gallery-icon landscape'>\n\t\t\t\t<a href='https:\/\/hradna.com\/wp-content\/uploads\/2022\/10\/4R2A4056.jpg' title=\"\" data-rl_title=\"\" class=\"rl-gallery-link\" data-rl_caption=\"\" data-rel=\"lightbox-gallery-1\"><img loading=\"lazy\" decoding=\"async\" width=\"850\" height=\"850\" src=\"https:\/\/hradna.com\/wp-content\/uploads\/2022\/10\/4R2A4056-850x850.jpg\" class=\"attachment-thumbnail size-thumbnail\" alt=\"\" srcset=\"https:\/\/hradna.com\/wp-content\/uploads\/2022\/10\/4R2A4056-850x850.jpg 850w, https:\/\/hradna.com\/wp-content\/uploads\/2022\/10\/4R2A4056-100x100.jpg 100w\" sizes=\"auto, 100vw\" \/><\/a>\n\t\t\t<\/div><\/figure><figure class='gallery-item'>\n\t\t\t<div class='gallery-icon landscape'>\n\t\t\t\t<a href='https:\/\/hradna.com\/wp-content\/uploads\/2022\/10\/GD4A9672.jpg' title=\"\" data-rl_title=\"\" class=\"rl-gallery-link\" data-rl_caption=\"\" data-rel=\"lightbox-gallery-1\"><img loading=\"lazy\" decoding=\"async\" width=\"850\" height=\"850\" src=\"https:\/\/hradna.com\/wp-content\/uploads\/2022\/10\/GD4A9672-850x850.jpg\" class=\"attachment-thumbnail size-thumbnail\" alt=\"\" srcset=\"https:\/\/hradna.com\/wp-content\/uploads\/2022\/10\/GD4A9672-850x850.jpg 850w, https:\/\/hradna.com\/wp-content\/uploads\/2022\/10\/GD4A9672-100x100.jpg 100w\" sizes=\"auto, 100vw\" \/><\/a>\n\t\t\t<\/div><\/figure><figure class='gallery-item'>\n\t\t\t<div class='gallery-icon landscape'>\n\t\t\t\t<a href='https:\/\/hradna.com\/wp-content\/uploads\/2022\/08\/Kia_Niro_377.jpg' title=\"\" data-rl_title=\"\" class=\"rl-gallery-link\" data-rl_caption=\"\" data-rel=\"lightbox-gallery-1\"><img loading=\"lazy\" decoding=\"async\" width=\"850\" height=\"850\" src=\"https:\/\/hradna.com\/wp-content\/uploads\/2022\/08\/Kia_Niro_377-850x850.jpg\" class=\"attachment-thumbnail size-thumbnail\" alt=\"\" srcset=\"https:\/\/hradna.com\/wp-content\/uploads\/2022\/08\/Kia_Niro_377-850x850.jpg 850w, https:\/\/hradna.com\/wp-content\/uploads\/2022\/08\/Kia_Niro_377-100x100.jpg 100w\" sizes=\"auto, 100vw\" \/><\/a>\n\t\t\t<\/div><\/figure><figure class='gallery-item'>\n\t\t\t<div class='gallery-icon landscape'>\n\t\t\t\t<a href='https:\/\/hradna.com\/wp-content\/uploads\/2022\/05\/22.jpg' title=\"\" data-rl_title=\"\" class=\"rl-gallery-link\" data-rl_caption=\"\" data-rel=\"lightbox-gallery-1\"><img loading=\"lazy\" decoding=\"async\" width=\"850\" height=\"850\" src=\"https:\/\/hradna.com\/wp-content\/uploads\/2022\/05\/22-850x850.jpg\" class=\"attachment-thumbnail size-thumbnail\" alt=\"\" srcset=\"https:\/\/hradna.com\/wp-content\/uploads\/2022\/05\/22-850x850.jpg 850w, https:\/\/hradna.com\/wp-content\/uploads\/2022\/05\/22-100x100.jpg 100w\" sizes=\"auto, 100vw\" \/><\/a>\n\t\t\t<\/div><\/figure><figure class='gallery-item'>\n\t\t\t<div class='gallery-icon landscape'>\n\t\t\t\t<a href='https:\/\/hradna.com\/wp-content\/uploads\/2022\/09\/JZEM1998.jpg' title=\"\" data-rl_title=\"\" class=\"rl-gallery-link\" data-rl_caption=\"\" data-rel=\"lightbox-gallery-1\"><img loading=\"lazy\" decoding=\"async\" width=\"850\" height=\"850\" src=\"https:\/\/hradna.com\/wp-content\/uploads\/2022\/09\/JZEM1998-850x850.jpg\" class=\"attachment-thumbnail size-thumbnail\" alt=\"\" srcset=\"https:\/\/hradna.com\/wp-content\/uploads\/2022\/09\/JZEM1998-850x850.jpg 850w, https:\/\/hradna.com\/wp-content\/uploads\/2022\/09\/JZEM1998-100x100.jpg 100w\" sizes=\"auto, 100vw\" \/><\/a>\n\t\t\t<\/div><\/figure><figure class='gallery-item'>\n\t\t\t<div class='gallery-icon landscape'>\n\t\t\t\t<a href='https:\/\/hradna.com\/wp-content\/uploads\/2022\/11\/hradna-restaurant-food.jpg' title=\"\" data-rl_title=\"\" class=\"rl-gallery-link\" data-rl_caption=\"\" data-rel=\"lightbox-gallery-1\"><img loading=\"lazy\" decoding=\"async\" width=\"850\" height=\"850\" src=\"https:\/\/hradna.com\/wp-content\/uploads\/2022\/11\/hradna-restaurant-food-850x850.jpg\" class=\"attachment-thumbnail size-thumbnail\" alt=\"\" srcset=\"https:\/\/hradna.com\/wp-content\/uploads\/2022\/11\/hradna-restaurant-food-850x850.jpg 850w, https:\/\/hradna.com\/wp-content\/uploads\/2022\/11\/hradna-restaurant-food-100x100.jpg 100w\" sizes=\"auto, 100vw\" \/><\/a>\n\t\t\t<\/div><\/figure><figure class='gallery-item'>\n\t\t\t<div class='gallery-icon landscape'>\n\t\t\t\t<a href='https:\/\/hradna.com\/wp-content\/uploads\/2022\/08\/MMPhoto_4K-96.jpg' title=\"\" data-rl_title=\"\" class=\"rl-gallery-link\" data-rl_caption=\"\" data-rel=\"lightbox-gallery-1\"><img loading=\"lazy\" decoding=\"async\" width=\"850\" height=\"850\" src=\"https:\/\/hradna.com\/wp-content\/uploads\/2022\/08\/MMPhoto_4K-96-850x850.jpg\" class=\"attachment-thumbnail size-thumbnail\" alt=\"\" srcset=\"https:\/\/hradna.com\/wp-content\/uploads\/2022\/08\/MMPhoto_4K-96-850x850.jpg 850w, https:\/\/hradna.com\/wp-content\/uploads\/2022\/08\/MMPhoto_4K-96-100x100.jpg 100w\" sizes=\"auto, 100vw\" \/><\/a>\n\t\t\t<\/div><\/figure><figure class='gallery-item'>\n\t\t\t<div class='gallery-icon landscape'>\n\t\t\t\t<a href='https:\/\/hradna.com\/wp-content\/uploads\/2022\/08\/MMPhoto_4K-2.jpg' title=\"\" data-rl_title=\"\" class=\"rl-gallery-link\" data-rl_caption=\"\" data-rel=\"lightbox-gallery-1\"><img loading=\"lazy\" decoding=\"async\" width=\"850\" height=\"850\" src=\"https:\/\/hradna.com\/wp-content\/uploads\/2022\/08\/MMPhoto_4K-2-850x850.jpg\" class=\"attachment-thumbnail size-thumbnail\" alt=\"\" srcset=\"https:\/\/hradna.com\/wp-content\/uploads\/2022\/08\/MMPhoto_4K-2-850x850.jpg 850w, https:\/\/hradna.com\/wp-content\/uploads\/2022\/08\/MMPhoto_4K-2-100x100.jpg 100w\" sizes=\"auto, 100vw\" \/><\/a>\n\t\t\t<\/div><\/figure><figure class='gallery-item'>\n\t\t\t<div class='gallery-icon landscape'>\n\t\t\t\t<a href='https:\/\/hradna.com\/wp-content\/uploads\/2022\/02\/14.jpg' title=\"\" data-rl_title=\"\" class=\"rl-gallery-link\" data-rl_caption=\"\" data-rel=\"lightbox-gallery-1\"><img loading=\"lazy\" decoding=\"async\" width=\"850\" height=\"850\" src=\"https:\/\/hradna.com\/wp-content\/uploads\/2022\/02\/14-850x850.jpg\" class=\"attachment-thumbnail size-thumbnail\" alt=\"\" srcset=\"https:\/\/hradna.com\/wp-content\/uploads\/2022\/02\/14-850x850.jpg 850w, https:\/\/hradna.com\/wp-content\/uploads\/2022\/02\/14-100x100.jpg 100w, https:\/\/hradna.com\/wp-content\/uploads\/2022\/02\/14-150x150.jpg 150w\" sizes=\"auto, 100vw\" \/><\/a>\n\t\t\t<\/div><\/figure>\n\t\t<\/div>\n\r\n<small class=\"zdroj\">Source: Shine Production<\/small>\r\n\r\n\r\n<div id=\"formular\">\r\n<h3>Request a price offer<\/h3>\r\n<div role=\"form\" class=\"wpcf7\" id=\"wpcf7-f2290-o1\" lang=\"sk-SK\" dir=\"ltr\">\n<div class=\"screen-reader-response\" role=\"alert\" aria-live=\"polite\"><\/div>\n<form action=\"\/en\/wp-json\/wp\/v2\/pages\/297#wpcf7-f2290-o1\" method=\"post\" class=\"wpcf7-form init\" novalidate=\"novalidate\">\n<div style=\"display: none;\">\n<input type=\"hidden\" name=\"_wpcf7\" value=\"2290\" \/>\n<input type=\"hidden\" name=\"_wpcf7_version\" value=\"5.2.2\" \/>\n<input type=\"hidden\" name=\"_wpcf7_locale\" value=\"sk_SK\" \/>\n<input type=\"hidden\" name=\"_wpcf7_unit_tag\" value=\"wpcf7-f2290-o1\" \/>\n<input type=\"hidden\" name=\"_wpcf7_container_post\" value=\"0\" \/>\n<input type=\"hidden\" name=\"_wpcf7_posted_data_hash\" value=\"\" \/>\n<input type=\"hidden\" name=\"_wpcf7_recaptcha_response\" value=\"\" \/>\n<\/div>\n<p><label><span class=\"p\">Your name*<\/span><span class=\"wpcf7-form-control-wrap your-name\"><input type=\"text\" name=\"your-name\" value=\"\" size=\"40\" class=\"wpcf7-form-control wpcf7-text wpcf7-validates-as-required\" aria-required=\"true\" aria-invalid=\"false\" placeholder=\"Your name\" \/><\/span><\/label><\/p>\n<p><label><br \/>\n<span class=\"p\">Your email*<\/span><br \/>\n    <span class=\"wpcf7-form-control-wrap your-email\"><input type=\"email\" name=\"your-email\" value=\"\" size=\"40\" class=\"wpcf7-form-control wpcf7-text wpcf7-email wpcf7-validates-as-required wpcf7-validates-as-email\" aria-required=\"true\" aria-invalid=\"false\" placeholder=\"Your email*\" \/><\/span> <\/label><\/p>\n<p><label><br \/>\n<span class=\"p\">Phone*<\/span><br \/>\n    <span class=\"wpcf7-form-control-wrap your-phone\"><input type=\"text\" name=\"your-phone\" value=\"\" size=\"40\" class=\"wpcf7-form-control wpcf7-text wpcf7-validates-as-required\" aria-required=\"true\" aria-invalid=\"false\" placeholder=\"Phone\" \/><\/span> <\/label><\/p>\n<p><label><br \/>\n<span class=\"p\">Your message<\/span><br \/>\n    <span class=\"wpcf7-form-control-wrap your-message\"><textarea name=\"your-message\" cols=\"40\" rows=\"10\" class=\"wpcf7-form-control wpcf7-textarea\" aria-invalid=\"false\" placeholder=\"Your message, what should we know...\"><\/textarea><\/span> <\/label><\/p>\n<p><input type=\"submit\" value=\"Send\" class=\"wpcf7-form-control wpcf7-submit\" \/><\/p>\n<div class=\"wpcf7-response-output\" role=\"alert\" aria-hidden=\"true\"><\/div><\/form><\/div>\r\n<\/div>\r\n<\/div>","protected":false},"excerpt":{"rendered":"The most original spot for your company event Originality and style are the two basic prerequisites for a successful event, whether you are organising a Christmas party, a company anniversary, a fashion show or a conference. And you will find much more here with us. Great cuisine, beautiful interior spaces and, most of all, a &hellip; <p class=\"link-more\"><a href=\"https:\/\/hradna.com\/en\/company-events\/\" class=\"more-link\">Continue reading<span class=\"screen-reader-text\"> &#8220;Company events&#8221;<\/span><\/a><\/p>","protected":false},"author":1,"featured_media":231,"parent":0,"menu_order":0,"comment_status":"closed","ping_status":"closed","template":"page-landing.php","meta":{"footnotes":""},"class_list":["post-297","page","type-page","status-publish","has-post-thumbnail","hentry"],"yoast_head":"<!-- This site is optimized with the Yoast SEO plugin v18.3 - https:\/\/yoast.com\/wordpress\/plugins\/seo\/ -->\n<title>Company events - Hradn\u00e1 Re\u0161taur\u00e1cia<\/title>\n<meta name=\"robots\" content=\"index, follow, max-snippet:-1, max-image-preview:large, max-video-preview:-1\" \/>\n<link rel=\"canonical\" href=\"https:\/\/hradna.com\/en\/company-events\/\" \/>\n<meta property=\"og:locale\" content=\"en_US\" \/>\n<meta property=\"og:type\" content=\"article\" \/>\n<meta property=\"og:title\" content=\"Company events - Hradn\u00e1 Re\u0161taur\u00e1cia\" \/>\n<meta property=\"og:description\" content=\"The most original spot for your company event Originality and style are the two basic prerequisites for a successful event, whether you are organising a Christmas party, a company anniversary, a fashion show or a conference. And you will find much more here with us. Great cuisine, beautiful interior spaces and, most of all, a &hellip; Continue reading &quot;Company events&quot;\" \/>\n<meta property=\"og:url\" content=\"https:\/\/hradna.com\/en\/company-events\/\" \/>\n<meta property=\"og:site_name\" content=\"Hradn\u00e1 Re\u0161taur\u00e1cia\" \/>\n<meta property=\"article:publisher\" content=\"https:\/\/www.facebook.com\/Re%c5%a1taur%c3%a1cia-HRADN%c3%81-101880362453349\" \/>\n<meta property=\"article:modified_time\" content=\"2025-06-12T06:22:25+00:00\" \/>\n<meta property=\"og:image\" content=\"https:\/\/hradna.com\/wp-content\/uploads\/2022\/02\/02.jpg\" \/>\n\t<meta property=\"og:image:width\" content=\"2500\" \/>\n\t<meta property=\"og:image:height\" content=\"1668\" \/>\n\t<meta property=\"og:image:type\" content=\"image\/jpeg\" \/>\n<meta name=\"twitter:card\" content=\"summary_large_image\" \/>\n<script type=\"application\/ld+json\" class=\"yoast-schema-graph\">{\"@context\":\"https:\/\/schema.org\",\"@graph\":[{\"@type\":\"WebSite\",\"@id\":\"https:\/\/hradna.com\/#website\",\"url\":\"https:\/\/hradna.com\/\",\"name\":\"Hradn\u00e1 Re\u0161taur\u00e1cia\",\"description\":\"Nov\u00e1 kultov\u00e1 re\u0161taur\u00e1cia na Bratislavskom hrade\",\"potentialAction\":[{\"@type\":\"SearchAction\",\"target\":{\"@type\":\"EntryPoint\",\"urlTemplate\":\"https:\/\/hradna.com\/?s={search_term_string}\"},\"query-input\":\"required name=search_term_string\"}],\"inLanguage\":\"en-US\"},{\"@type\":\"ImageObject\",\"@id\":\"https:\/\/hradna.com\/en\/company-events\/#primaryimage\",\"inLanguage\":\"en-US\",\"url\":\"https:\/\/hradna.com\/wp-content\/uploads\/2022\/02\/02.jpg\",\"contentUrl\":\"https:\/\/hradna.com\/wp-content\/uploads\/2022\/02\/02.jpg\",\"width\":2500,\"height\":1668},{\"@type\":\"WebPage\",\"@id\":\"https:\/\/hradna.com\/en\/company-events\/#webpage\",\"url\":\"https:\/\/hradna.com\/en\/company-events\/\",\"name\":\"Company events - Hradn\u00e1 Re\u0161taur\u00e1cia\",\"isPartOf\":{\"@id\":\"https:\/\/hradna.com\/#website\"},\"primaryImageOfPage\":{\"@id\":\"https:\/\/hradna.com\/en\/company-events\/#primaryimage\"},\"datePublished\":\"2022-08-17T21:12:17+00:00\",\"dateModified\":\"2025-06-12T06:22:25+00:00\",\"breadcrumb\":{\"@id\":\"https:\/\/hradna.com\/en\/company-events\/#breadcrumb\"},\"inLanguage\":\"en-US\",\"potentialAction\":[{\"@type\":\"ReadAction\",\"target\":[\"https:\/\/hradna.com\/en\/company-events\/\"]}]},{\"@type\":\"BreadcrumbList\",\"@id\":\"https:\/\/hradna.com\/en\/company-events\/#breadcrumb\",\"itemListElement\":[{\"@type\":\"ListItem\",\"position\":1,\"name\":\"Domovsk\u00e1 str\u00e1nka\",\"item\":\"https:\/\/hradna.com\/\"},{\"@type\":\"ListItem\",\"position\":2,\"name\":\"Company events\"}]}]}<\/script>\n<!-- \/ Yoast SEO plugin. -->","yoast_head_json":{"title":"Company events - Hradn\u00e1 Re\u0161taur\u00e1cia","robots":{"index":"index","follow":"follow","max-snippet":"max-snippet:-1","max-image-preview":"max-image-preview:large","max-video-preview":"max-video-preview:-1"},"canonical":"https:\/\/hradna.com\/en\/company-events\/","og_locale":"en_US","og_type":"article","og_title":"Company events - Hradn\u00e1 Re\u0161taur\u00e1cia","og_description":"The most original spot for your company event Originality and style are the two basic prerequisites for a successful event, whether you are organising a Christmas party, a company anniversary, a fashion show or a conference. And you will find much more here with us. Great cuisine, beautiful interior spaces and, most of all, a &hellip; Continue reading \"Company events\"","og_url":"https:\/\/hradna.com\/en\/company-events\/","og_site_name":"Hradn\u00e1 Re\u0161taur\u00e1cia","article_publisher":"https:\/\/www.facebook.com\/Re%c5%a1taur%c3%a1cia-HRADN%c3%81-101880362453349","article_modified_time":"2025-06-12T06:22:25+00:00","og_image":[{"width":2500,"height":1668,"url":"https:\/\/hradna.com\/wp-content\/uploads\/2022\/02\/02.jpg","type":"image\/jpeg"}],"twitter_card":"summary_large_image","schema":{"@context":"https:\/\/schema.org","@graph":[{"@type":"WebSite","@id":"https:\/\/hradna.com\/#website","url":"https:\/\/hradna.com\/","name":"Hradn\u00e1 Re\u0161taur\u00e1cia","description":"Nov\u00e1 kultov\u00e1 re\u0161taur\u00e1cia na Bratislavskom hrade","potentialAction":[{"@type":"SearchAction","target":{"@type":"EntryPoint","urlTemplate":"https:\/\/hradna.com\/?s={search_term_string}"},"query-input":"required name=search_term_string"}],"inLanguage":"en-US"},{"@type":"ImageObject","@id":"https:\/\/hradna.com\/en\/company-events\/#primaryimage","inLanguage":"en-US","url":"https:\/\/hradna.com\/wp-content\/uploads\/2022\/02\/02.jpg","contentUrl":"https:\/\/hradna.com\/wp-content\/uploads\/2022\/02\/02.jpg","width":2500,"height":1668},{"@type":"WebPage","@id":"https:\/\/hradna.com\/en\/company-events\/#webpage","url":"https:\/\/hradna.com\/en\/company-events\/","name":"Company events - Hradn\u00e1 Re\u0161taur\u00e1cia","isPartOf":{"@id":"https:\/\/hradna.com\/#website"},"primaryImageOfPage":{"@id":"https:\/\/hradna.com\/en\/company-events\/#primaryimage"},"datePublished":"2022-08-17T21:12:17+00:00","dateModified":"2025-06-12T06:22:25+00:00","breadcrumb":{"@id":"https:\/\/hradna.com\/en\/company-events\/#breadcrumb"},"inLanguage":"en-US","potentialAction":[{"@type":"ReadAction","target":["https:\/\/hradna.com\/en\/company-events\/"]}]},{"@type":"BreadcrumbList","@id":"https:\/\/hradna.com\/en\/company-events\/#breadcrumb","itemListElement":[{"@type":"ListItem","position":1,"name":"Domovsk\u00e1 str\u00e1nka","item":"https:\/\/hradna.com\/"},{"@type":"ListItem","position":2,"name":"Company events"}]}]}},"_links":{"self":[{"href":"https:\/\/hradna.com\/en\/wp-json\/wp\/v2\/pages\/297","targetHints":{"allow":["GET"]}}],"collection":[{"href":"https:\/\/hradna.com\/en\/wp-json\/wp\/v2\/pages"}],"about":[{"href":"https:\/\/hradna.com\/en\/wp-json\/wp\/v2\/types\/page"}],"author":[{"embeddable":true,"href":"https:\/\/hradna.com\/en\/wp-json\/wp\/v2\/users\/1"}],"replies":[{"embeddable":true,"href":"https:\/\/hradna.com\/en\/wp-json\/wp\/v2\/comments?post=297"}],"version-history":[{"count":4,"href":"https:\/\/hradna.com\/en\/wp-json\/wp\/v2\/pages\/297\/revisions"}],"predecessor-version":[{"id":2292,"href":"https:\/\/hradna.com\/en\/wp-json\/wp\/v2\/pages\/297\/revisions\/2292"}],"wp:featuredmedia":[{"embeddable":true,"href":"https:\/\/hradna.com\/en\/wp-json\/wp\/v2\/media\/231"}],"wp:attachment":[{"href":"https:\/\/hradna.com\/en\/wp-json\/wp\/v2\/media?parent=297"}],"curies":[{"name":"wp","href":"https:\/\/api.w.org\/{rel}","templated":true}]}}