{"id":295,"date":"2022-08-17T23:09:27","date_gmt":"2022-08-17T21:09:27","guid":{"rendered":"https:\/\/hradna.com\/?page_id=295"},"modified":"2025-06-13T08:00:25","modified_gmt":"2025-06-13T06:00:25","slug":"family-celebrations","status":"publish","type":"page","link":"https:\/\/hradna.com\/en\/family-celebrations\/","title":{"rendered":"Family celebrations"},"content":{"rendered":"<div class=\"copy\">\r\n<h2>A family celebration in the most stylish surroundings in the city<\/h2>\r\n<br>\r\nMajor family anniversaries or the successes of your children should be properly celebrated. Invite your family to our HRADN\u00c1 restaurant, and you will not regret it. Exquisite delicacies from our kitchen and beautiful surroundings to go with them. Your guests will be delighted by our view; we can guarantee that.<br><br>\r\n<div id='gallery-1' class='gallery galleryid-295 gallery-columns-3 gallery-size-thumbnail'><figure class='gallery-item'>\n\t\t\t<div class='gallery-icon landscape'>\n\t\t\t\t<a href='https:\/\/hradna.com\/wp-content\/uploads\/2022\/02\/04.jpg' title=\"\" data-rl_title=\"\" class=\"rl-gallery-link\" data-rl_caption=\"\" data-rel=\"lightbox-gallery-1\"><img loading=\"lazy\" decoding=\"async\" width=\"850\" height=\"850\" src=\"https:\/\/hradna.com\/wp-content\/uploads\/2022\/02\/04-850x850.jpg\" class=\"attachment-thumbnail size-thumbnail\" alt=\"\" srcset=\"https:\/\/hradna.com\/wp-content\/uploads\/2022\/02\/04-850x850.jpg 850w, https:\/\/hradna.com\/wp-content\/uploads\/2022\/02\/04-100x100.jpg 100w, https:\/\/hradna.com\/wp-content\/uploads\/2022\/02\/04-150x150.jpg 150w\" sizes=\"auto, 100vw\" \/><\/a>\n\t\t\t<\/div><\/figure><figure class='gallery-item'>\n\t\t\t<div class='gallery-icon landscape'>\n\t\t\t\t<a href='https:\/\/hradna.com\/wp-content\/uploads\/2022\/02\/07.jpg' title=\"\" data-rl_title=\"\" class=\"rl-gallery-link\" data-rl_caption=\"\" data-rel=\"lightbox-gallery-1\"><img loading=\"lazy\" decoding=\"async\" width=\"850\" height=\"850\" src=\"https:\/\/hradna.com\/wp-content\/uploads\/2022\/02\/07-850x850.jpg\" class=\"attachment-thumbnail size-thumbnail\" alt=\"\" srcset=\"https:\/\/hradna.com\/wp-content\/uploads\/2022\/02\/07-850x850.jpg 850w, https:\/\/hradna.com\/wp-content\/uploads\/2022\/02\/07-100x100.jpg 100w, https:\/\/hradna.com\/wp-content\/uploads\/2022\/02\/07-150x150.jpg 150w\" sizes=\"auto, 100vw\" \/><\/a>\n\t\t\t<\/div><\/figure><figure class='gallery-item'>\n\t\t\t<div class='gallery-icon landscape'>\n\t\t\t\t<a href='https:\/\/hradna.com\/wp-content\/uploads\/2020\/09\/hr1.jpg' title=\"\" data-rl_title=\"\" class=\"rl-gallery-link\" data-rl_caption=\"\" data-rel=\"lightbox-gallery-1\"><img loading=\"lazy\" decoding=\"async\" width=\"850\" height=\"850\" src=\"https:\/\/hradna.com\/wp-content\/uploads\/2020\/09\/hr1-850x850.jpg\" class=\"attachment-thumbnail size-thumbnail\" alt=\"\" srcset=\"https:\/\/hradna.com\/wp-content\/uploads\/2020\/09\/hr1-850x850.jpg 850w, https:\/\/hradna.com\/wp-content\/uploads\/2020\/09\/hr1-100x100.jpg 100w, https:\/\/hradna.com\/wp-content\/uploads\/2020\/09\/hr1-150x150.jpg 150w\" sizes=\"auto, 100vw\" \/><\/a>\n\t\t\t<\/div><\/figure><figure class='gallery-item'>\n\t\t\t<div class='gallery-icon landscape'>\n\t\t\t\t<a href='https:\/\/hradna.com\/wp-content\/uploads\/2022\/11\/hradna-restaurant-food.jpg' title=\"\" data-rl_title=\"\" class=\"rl-gallery-link\" data-rl_caption=\"\" data-rel=\"lightbox-gallery-1\"><img loading=\"lazy\" decoding=\"async\" width=\"850\" height=\"850\" src=\"https:\/\/hradna.com\/wp-content\/uploads\/2022\/11\/hradna-restaurant-food-850x850.jpg\" class=\"attachment-thumbnail size-thumbnail\" alt=\"\" srcset=\"https:\/\/hradna.com\/wp-content\/uploads\/2022\/11\/hradna-restaurant-food-850x850.jpg 850w, https:\/\/hradna.com\/wp-content\/uploads\/2022\/11\/hradna-restaurant-food-100x100.jpg 100w\" sizes=\"auto, 100vw\" \/><\/a>\n\t\t\t<\/div><\/figure><figure class='gallery-item'>\n\t\t\t<div class='gallery-icon landscape'>\n\t\t\t\t<a href='https:\/\/hradna.com\/wp-content\/uploads\/2022\/10\/4R2A4056.jpg' title=\"\" data-rl_title=\"\" class=\"rl-gallery-link\" data-rl_caption=\"\" data-rel=\"lightbox-gallery-1\"><img loading=\"lazy\" decoding=\"async\" width=\"850\" height=\"850\" src=\"https:\/\/hradna.com\/wp-content\/uploads\/2022\/10\/4R2A4056-850x850.jpg\" class=\"attachment-thumbnail size-thumbnail\" alt=\"\" srcset=\"https:\/\/hradna.com\/wp-content\/uploads\/2022\/10\/4R2A4056-850x850.jpg 850w, https:\/\/hradna.com\/wp-content\/uploads\/2022\/10\/4R2A4056-100x100.jpg 100w\" sizes=\"auto, 100vw\" \/><\/a>\n\t\t\t<\/div><\/figure><figure class='gallery-item'>\n\t\t\t<div class='gallery-icon landscape'>\n\t\t\t\t<a href='https:\/\/hradna.com\/wp-content\/uploads\/2022\/09\/JZEM2001.jpg' title=\"\" data-rl_title=\"\" class=\"rl-gallery-link\" data-rl_caption=\"\" data-rel=\"lightbox-gallery-1\"><img loading=\"lazy\" decoding=\"async\" width=\"850\" height=\"850\" src=\"https:\/\/hradna.com\/wp-content\/uploads\/2022\/09\/JZEM2001-850x850.jpg\" class=\"attachment-thumbnail size-thumbnail\" alt=\"\" srcset=\"https:\/\/hradna.com\/wp-content\/uploads\/2022\/09\/JZEM2001-850x850.jpg 850w, https:\/\/hradna.com\/wp-content\/uploads\/2022\/09\/JZEM2001-100x100.jpg 100w\" sizes=\"auto, 100vw\" \/><\/a>\n\t\t\t<\/div><\/figure><figure class='gallery-item'>\n\t\t\t<div class='gallery-icon landscape'>\n\t\t\t\t<a href='https:\/\/hradna.com\/wp-content\/uploads\/2022\/08\/Kia_Niro_377.jpg' title=\"\" data-rl_title=\"\" class=\"rl-gallery-link\" data-rl_caption=\"\" data-rel=\"lightbox-gallery-1\"><img loading=\"lazy\" decoding=\"async\" width=\"850\" height=\"850\" src=\"https:\/\/hradna.com\/wp-content\/uploads\/2022\/08\/Kia_Niro_377-850x850.jpg\" class=\"attachment-thumbnail size-thumbnail\" alt=\"\" srcset=\"https:\/\/hradna.com\/wp-content\/uploads\/2022\/08\/Kia_Niro_377-850x850.jpg 850w, https:\/\/hradna.com\/wp-content\/uploads\/2022\/08\/Kia_Niro_377-100x100.jpg 100w\" sizes=\"auto, 100vw\" \/><\/a>\n\t\t\t<\/div><\/figure><figure class='gallery-item'>\n\t\t\t<div class='gallery-icon landscape'>\n\t\t\t\t<a href='https:\/\/hradna.com\/wp-content\/uploads\/2022\/05\/22.jpg' title=\"\" data-rl_title=\"\" class=\"rl-gallery-link\" data-rl_caption=\"\" data-rel=\"lightbox-gallery-1\"><img loading=\"lazy\" decoding=\"async\" width=\"850\" height=\"850\" src=\"https:\/\/hradna.com\/wp-content\/uploads\/2022\/05\/22-850x850.jpg\" class=\"attachment-thumbnail size-thumbnail\" alt=\"\" srcset=\"https:\/\/hradna.com\/wp-content\/uploads\/2022\/05\/22-850x850.jpg 850w, https:\/\/hradna.com\/wp-content\/uploads\/2022\/05\/22-100x100.jpg 100w\" sizes=\"auto, 100vw\" \/><\/a>\n\t\t\t<\/div><\/figure>\n\t\t<\/div>\n\r\n<small class=\"zdroj\">Source: Shine Production<\/small>\r\n\r\n\r\n<div id=\"formular\" style=\"\">\r\n<h3>Reservations<\/h3>\r\n<a href=\"tel:+421 948 364 887\">+421 948 364 887<\/a><br>\r\n\r\nMo \u2013 Sun: 10 a.m. \u2013 10 p.m.<br><br>\r\n<script type=\"text\/javascript\" src=\"https:\/\/s3.eu-central-1.amazonaws.com\/bookiopro\/assets\/bookio.widget.js\"><\/script>\r\n<iframe id=\"bookio-iframe\" src=\"https:\/\/www.bookiopro.com\/hradna-restauracia-q3ltj5ug\/rs-widget?lang=en&#038;c1=e77e25&#038;c2=fff&#038;c3=000&#038;css=https:\/\/hradna.com\/hradna-bookio.css\"  width=\"100%\" onload=\"initBookioWidget()\" scrolling=\"no\"><\/iframe>\r\n\r\n<\/div>\r\n<\/div>","protected":false},"excerpt":{"rendered":"A family celebration in the most stylish surroundings in the city Major family anniversaries or the successes of your children should be properly celebrated. Invite your family to our HRADN\u00c1 restaurant, and you will not regret it. Exquisite delicacies from our kitchen and beautiful surroundings to go with them. Your guests will be delighted by &hellip; <p class=\"link-more\"><a href=\"https:\/\/hradna.com\/en\/family-celebrations\/\" class=\"more-link\">Continue reading<span class=\"screen-reader-text\"> &#8220;Family celebrations&#8221;<\/span><\/a><\/p>","protected":false},"author":1,"featured_media":284,"parent":0,"menu_order":0,"comment_status":"closed","ping_status":"closed","template":"","meta":{"footnotes":""},"class_list":["post-295","page","type-page","status-publish","has-post-thumbnail","hentry"],"yoast_head":"<!-- This site is optimized with the Yoast SEO plugin v18.3 - https:\/\/yoast.com\/wordpress\/plugins\/seo\/ -->\n<title>Family celebrations - Hradn\u00e1 Re\u0161taur\u00e1cia<\/title>\n<meta name=\"robots\" content=\"index, follow, max-snippet:-1, max-image-preview:large, max-video-preview:-1\" \/>\n<link rel=\"canonical\" href=\"https:\/\/hradna.com\/en\/family-celebrations\/\" \/>\n<meta property=\"og:locale\" content=\"en_US\" \/>\n<meta property=\"og:type\" content=\"article\" \/>\n<meta property=\"og:title\" content=\"Family celebrations - Hradn\u00e1 Re\u0161taur\u00e1cia\" \/>\n<meta property=\"og:description\" content=\"A family celebration in the most stylish surroundings in the city Major family anniversaries or the successes of your children should be properly celebrated. Invite your family to our HRADN\u00c1 restaurant, and you will not regret it. Exquisite delicacies from our kitchen and beautiful surroundings to go with them. Your guests will be delighted by &hellip; Continue reading &quot;Family celebrations&quot;\" \/>\n<meta property=\"og:url\" content=\"https:\/\/hradna.com\/en\/family-celebrations\/\" \/>\n<meta property=\"og:site_name\" content=\"Hradn\u00e1 Re\u0161taur\u00e1cia\" \/>\n<meta property=\"article:publisher\" content=\"https:\/\/www.facebook.com\/Re%c5%a1taur%c3%a1cia-HRADN%c3%81-101880362453349\" \/>\n<meta property=\"article:modified_time\" content=\"2025-06-13T06:00:25+00:00\" \/>\n<meta property=\"og:image\" content=\"https:\/\/hradna.com\/wp-content\/uploads\/2022\/05\/22.jpg\" \/>\n\t<meta property=\"og:image:width\" content=\"2048\" \/>\n\t<meta property=\"og:image:height\" content=\"1365\" \/>\n\t<meta property=\"og:image:type\" content=\"image\/jpeg\" \/>\n<meta name=\"twitter:card\" content=\"summary_large_image\" \/>\n<script type=\"application\/ld+json\" class=\"yoast-schema-graph\">{\"@context\":\"https:\/\/schema.org\",\"@graph\":[{\"@type\":\"WebSite\",\"@id\":\"https:\/\/hradna.com\/#website\",\"url\":\"https:\/\/hradna.com\/\",\"name\":\"Hradn\u00e1 Re\u0161taur\u00e1cia\",\"description\":\"Nov\u00e1 kultov\u00e1 re\u0161taur\u00e1cia na Bratislavskom hrade\",\"potentialAction\":[{\"@type\":\"SearchAction\",\"target\":{\"@type\":\"EntryPoint\",\"urlTemplate\":\"https:\/\/hradna.com\/?s={search_term_string}\"},\"query-input\":\"required name=search_term_string\"}],\"inLanguage\":\"en-US\"},{\"@type\":\"ImageObject\",\"@id\":\"https:\/\/hradna.com\/en\/family-celebrations\/#primaryimage\",\"inLanguage\":\"en-US\",\"url\":\"https:\/\/hradna.com\/wp-content\/uploads\/2022\/05\/22.jpg\",\"contentUrl\":\"https:\/\/hradna.com\/wp-content\/uploads\/2022\/05\/22.jpg\",\"width\":2048,\"height\":1365},{\"@type\":\"WebPage\",\"@id\":\"https:\/\/hradna.com\/en\/family-celebrations\/#webpage\",\"url\":\"https:\/\/hradna.com\/en\/family-celebrations\/\",\"name\":\"Family celebrations - Hradn\u00e1 Re\u0161taur\u00e1cia\",\"isPartOf\":{\"@id\":\"https:\/\/hradna.com\/#website\"},\"primaryImageOfPage\":{\"@id\":\"https:\/\/hradna.com\/en\/family-celebrations\/#primaryimage\"},\"datePublished\":\"2022-08-17T21:09:27+00:00\",\"dateModified\":\"2025-06-13T06:00:25+00:00\",\"breadcrumb\":{\"@id\":\"https:\/\/hradna.com\/en\/family-celebrations\/#breadcrumb\"},\"inLanguage\":\"en-US\",\"potentialAction\":[{\"@type\":\"ReadAction\",\"target\":[\"https:\/\/hradna.com\/en\/family-celebrations\/\"]}]},{\"@type\":\"BreadcrumbList\",\"@id\":\"https:\/\/hradna.com\/en\/family-celebrations\/#breadcrumb\",\"itemListElement\":[{\"@type\":\"ListItem\",\"position\":1,\"name\":\"Domovsk\u00e1 str\u00e1nka\",\"item\":\"https:\/\/hradna.com\/\"},{\"@type\":\"ListItem\",\"position\":2,\"name\":\"Family celebrations\"}]}]}<\/script>\n<!-- \/ Yoast SEO plugin. -->","yoast_head_json":{"title":"Family celebrations - Hradn\u00e1 Re\u0161taur\u00e1cia","robots":{"index":"index","follow":"follow","max-snippet":"max-snippet:-1","max-image-preview":"max-image-preview:large","max-video-preview":"max-video-preview:-1"},"canonical":"https:\/\/hradna.com\/en\/family-celebrations\/","og_locale":"en_US","og_type":"article","og_title":"Family celebrations - Hradn\u00e1 Re\u0161taur\u00e1cia","og_description":"A family celebration in the most stylish surroundings in the city Major family anniversaries or the successes of your children should be properly celebrated. Invite your family to our HRADN\u00c1 restaurant, and you will not regret it. Exquisite delicacies from our kitchen and beautiful surroundings to go with them. Your guests will be delighted by &hellip; Continue reading \"Family celebrations\"","og_url":"https:\/\/hradna.com\/en\/family-celebrations\/","og_site_name":"Hradn\u00e1 Re\u0161taur\u00e1cia","article_publisher":"https:\/\/www.facebook.com\/Re%c5%a1taur%c3%a1cia-HRADN%c3%81-101880362453349","article_modified_time":"2025-06-13T06:00:25+00:00","og_image":[{"width":2048,"height":1365,"url":"https:\/\/hradna.com\/wp-content\/uploads\/2022\/05\/22.jpg","type":"image\/jpeg"}],"twitter_card":"summary_large_image","schema":{"@context":"https:\/\/schema.org","@graph":[{"@type":"WebSite","@id":"https:\/\/hradna.com\/#website","url":"https:\/\/hradna.com\/","name":"Hradn\u00e1 Re\u0161taur\u00e1cia","description":"Nov\u00e1 kultov\u00e1 re\u0161taur\u00e1cia na Bratislavskom hrade","potentialAction":[{"@type":"SearchAction","target":{"@type":"EntryPoint","urlTemplate":"https:\/\/hradna.com\/?s={search_term_string}"},"query-input":"required name=search_term_string"}],"inLanguage":"en-US"},{"@type":"ImageObject","@id":"https:\/\/hradna.com\/en\/family-celebrations\/#primaryimage","inLanguage":"en-US","url":"https:\/\/hradna.com\/wp-content\/uploads\/2022\/05\/22.jpg","contentUrl":"https:\/\/hradna.com\/wp-content\/uploads\/2022\/05\/22.jpg","width":2048,"height":1365},{"@type":"WebPage","@id":"https:\/\/hradna.com\/en\/family-celebrations\/#webpage","url":"https:\/\/hradna.com\/en\/family-celebrations\/","name":"Family celebrations - Hradn\u00e1 Re\u0161taur\u00e1cia","isPartOf":{"@id":"https:\/\/hradna.com\/#website"},"primaryImageOfPage":{"@id":"https:\/\/hradna.com\/en\/family-celebrations\/#primaryimage"},"datePublished":"2022-08-17T21:09:27+00:00","dateModified":"2025-06-13T06:00:25+00:00","breadcrumb":{"@id":"https:\/\/hradna.com\/en\/family-celebrations\/#breadcrumb"},"inLanguage":"en-US","potentialAction":[{"@type":"ReadAction","target":["https:\/\/hradna.com\/en\/family-celebrations\/"]}]},{"@type":"BreadcrumbList","@id":"https:\/\/hradna.com\/en\/family-celebrations\/#breadcrumb","itemListElement":[{"@type":"ListItem","position":1,"name":"Domovsk\u00e1 str\u00e1nka","item":"https:\/\/hradna.com\/"},{"@type":"ListItem","position":2,"name":"Family celebrations"}]}]}},"_links":{"self":[{"href":"https:\/\/hradna.com\/en\/wp-json\/wp\/v2\/pages\/295","targetHints":{"allow":["GET"]}}],"collection":[{"href":"https:\/\/hradna.com\/en\/wp-json\/wp\/v2\/pages"}],"about":[{"href":"https:\/\/hradna.com\/en\/wp-json\/wp\/v2\/types\/page"}],"author":[{"embeddable":true,"href":"https:\/\/hradna.com\/en\/wp-json\/wp\/v2\/users\/1"}],"replies":[{"embeddable":true,"href":"https:\/\/hradna.com\/en\/wp-json\/wp\/v2\/comments?post=295"}],"version-history":[{"count":4,"href":"https:\/\/hradna.com\/en\/wp-json\/wp\/v2\/pages\/295\/revisions"}],"predecessor-version":[{"id":2303,"href":"https:\/\/hradna.com\/en\/wp-json\/wp\/v2\/pages\/295\/revisions\/2303"}],"wp:featuredmedia":[{"embeddable":true,"href":"https:\/\/hradna.com\/en\/wp-json\/wp\/v2\/media\/284"}],"wp:attachment":[{"href":"https:\/\/hradna.com\/en\/wp-json\/wp\/v2\/media?parent=295"}],"curies":[{"name":"wp","href":"https:\/\/api.w.org\/{rel}","templated":true}]}}