{"id":2455,"date":"2025-09-25T19:07:54","date_gmt":"2025-09-25T17:07:54","guid":{"rendered":"https:\/\/hradna.com\/?page_id=2455"},"modified":"2025-09-29T14:44:11","modified_gmt":"2025-09-29T12:44:11","slug":"events","status":"publish","type":"page","link":"https:\/\/hradna.com\/en\/events\/","title":{"rendered":"Events"},"content":{"rendered":"<div id=\"wedd\">\r\n<div class=\"top-part-lp\">\r\n\r\n<div class=\"copy-part\">\r\n<h1>Add the best view to your event!<\/h1>\r\n<p>Are you planning a corporate training event, workshop, conference, or year-end party? An exceptional event needs an exceptional space. We\u2019ll also provide complete organization and catering. <\/p>\r\n<\/div>\r\n\r\n<i class=\"image im1\"><\/i>\r\n\r\n<div class=\"holder-images\">\r\n\r\n<i class=\"image im2\"><\/i>\r\n<i class=\"image im3\"><\/i>\r\n<i class=\"image im4\"><\/i>\r\n\r\n<\/div>\r\n<\/div>\r\n\r\n\r\n<div class=\"bottom-part-lp\">\r\n<h2>A unique venue you won\u2019t find anywhere else in Bratislava<\/h2>\r\n\r\n<p>The Castle Restaurant is located directly in the area of Bratislava Castle and offers both indoor and outdoor spaces with views of the castle or the city panorama.<\/p>\r\n\r\n<div class=\"rooms\">\r\n\r\n<div class=\"room\">\r\n<strong>Perlova Hall <small>(main hall)<\/small><\/strong>\r\n<em>Seating capacity with dance floor <\/em>\r\n<i>80<\/i>\r\n<em>Seating capacity without dance floor <\/em>\r\n<i>155<\/i>\r\n<\/div>\r\n\r\n\r\n<div class=\"room\">\r\n<strong>Tent <small><\/small><\/strong>\r\n<em>up to<\/em>\r\n<i>100<\/i>\r\n<em>seats<\/em>\r\n<\/div>\r\n\r\n<div class=\"room\">\r\n<strong>Terrace <small>(with a city view)<\/small><\/strong>\r\n<em>up to<\/em>\r\n<i>150<\/i>\r\n<em>seats<\/em>\r\n<\/div>\r\n\r\n<\/div>\r\n\r\n\r\n<small>For more information, see the <a target=\"_blank\" href=\"https:\/\/hradna.com\/wp-content\/uploads\/2025\/06\/brozura-hradna.pdf\" rel=\"noopener\">information leaflet with floor plans<\/a>. <\/small>\r\n\r\n\r\n<div class=\"advantages\">\r\n\r\n<div class=\"advantage\">\r\n<i class=\"icon ic1\"><\/i>\r\n<strong>Parking<\/strong>\r\nFrom the Castle Garage, you can take the elevator up to the castle grounds, and from there it\u2019s just a few meters to us.\r\n<\/div>\r\n\r\n<div class=\"advantage\">\r\n<i class=\"icon ic2\"><\/i>\r\n<strong>Equipment<\/strong>\r\n2\u00d7 handheld microphone, 2\u00d7 bluetooth speakers on stands, 1\u00d7 mixing console, 1\u00d7 projection screen, 1\u00d7 data projector\r\n<\/div>\r\n\r\n<div class=\"advantage\">\r\n<i class=\"icon ic3\"><\/i>\r\n<strong>Catering<\/strong>\r\nCulinary specialties as well as proven classics made from high-quality, fresh ingredients from our kitchen.\r\n<\/div>\r\n\r\n<\/div>\r\n\r\n\r\n<div id=\"formular\" class=\"newform\">\r\n<h3>Tell us more about your event and we\u2019ll get back to you<\/h3>\r\n<div role=\"form\" class=\"wpcf7\" id=\"wpcf7-f2454-o1\" lang=\"sk-SK\" dir=\"ltr\">\n<div class=\"screen-reader-response\" role=\"alert\" aria-live=\"polite\"><\/div>\n<form action=\"\/en\/wp-json\/wp\/v2\/pages\/2455#wpcf7-f2454-o1\" method=\"post\" class=\"wpcf7-form init\" novalidate=\"novalidate\">\n<div style=\"display: none;\">\n<input type=\"hidden\" name=\"_wpcf7\" value=\"2454\" \/>\n<input type=\"hidden\" name=\"_wpcf7_version\" value=\"5.2.2\" \/>\n<input type=\"hidden\" name=\"_wpcf7_locale\" value=\"sk_SK\" \/>\n<input type=\"hidden\" name=\"_wpcf7_unit_tag\" value=\"wpcf7-f2454-o1\" \/>\n<input type=\"hidden\" name=\"_wpcf7_container_post\" value=\"0\" \/>\n<input type=\"hidden\" name=\"_wpcf7_posted_data_hash\" value=\"\" \/>\n<input type=\"hidden\" name=\"_wpcf7_recaptcha_response\" value=\"\" \/>\n<\/div>\n<h3>Request a Quote<\/h3>\n<p><label><span class=\"p\">Your Name*<\/span><span class=\"wpcf7-form-control-wrap your-name\"><input type=\"text\" name=\"your-name\" value=\"\" size=\"40\" class=\"wpcf7-form-control wpcf7-text wpcf7-validates-as-required\" aria-required=\"true\" aria-invalid=\"false\" placeholder=\"Your Name\" \/><\/span><\/label><\/p>\n<p><label><br \/>\n<span class=\"p\">Your Email*<\/span><br \/>\n    <span class=\"wpcf7-form-control-wrap your-email\"><input type=\"email\" name=\"your-email\" value=\"\" size=\"40\" class=\"wpcf7-form-control wpcf7-text wpcf7-email wpcf7-validates-as-required wpcf7-validates-as-email\" aria-required=\"true\" aria-invalid=\"false\" placeholder=\"Your Email*\" \/><\/span> <\/label><\/p>\n<p><label><br \/>\n<span class=\"p\">Phone*<\/span><br \/>\n    <span class=\"wpcf7-form-control-wrap your-phone\"><input type=\"text\" name=\"your-phone\" value=\"\" size=\"40\" class=\"wpcf7-form-control wpcf7-text wpcf7-validates-as-required\" aria-required=\"true\" aria-invalid=\"false\" placeholder=\"Phone\" \/><\/span> <\/label><\/p>\n<p><label><br \/>\n<span class=\"p\">Reservation Date*<\/span><br \/>\n    <span class=\"wpcf7-form-control-wrap date-724\"><input type=\"date\" name=\"date-724\" value=\"\" class=\"wpcf7-form-control wpcf7-date wpcf7-validates-as-required wpcf7-validates-as-date\" aria-required=\"true\" aria-invalid=\"false\" placeholder=\"Date\" \/><\/span> <\/label><\/p>\n<p><label><br \/>\n<span class=\"p\">Your Message<\/span><br \/>\n    <span class=\"wpcf7-form-control-wrap your-message\"><textarea name=\"your-message\" cols=\"40\" rows=\"10\" class=\"wpcf7-form-control wpcf7-textarea\" aria-invalid=\"false\" placeholder=\"Your message, what should we know...\"><\/textarea><\/span> <\/label><\/p>\n<p><input type=\"submit\" value=\"Send Message\" class=\"wpcf7-form-control wpcf7-submit\" \/><\/p>\n<div class=\"wpcf7-response-output\" role=\"alert\" aria-hidden=\"true\"><\/div><\/form><\/div>\r\n\r\n<\/div>\r\n\r\n<\/div>\r\n","protected":false},"excerpt":{"rendered":"Add the best view to your event! Are you planning a corporate training event, workshop, conference, or year-end party? An exceptional event needs an exceptional space. We\u2019ll also provide complete organization and catering. A unique venue you won\u2019t find anywhere else in Bratislava The Castle Restaurant is located directly in the area of Bratislava Castle &hellip; <p class=\"link-more\"><a href=\"https:\/\/hradna.com\/en\/events\/\" class=\"more-link\">Continue reading<span class=\"screen-reader-text\"> &#8220;Events&#8221;<\/span><\/a><\/p>","protected":false},"author":1,"featured_media":0,"parent":0,"menu_order":0,"comment_status":"closed","ping_status":"closed","template":"page-landing.php","meta":{"footnotes":""},"class_list":["post-2455","page","type-page","status-publish","hentry"],"yoast_head":"<!-- This site is optimized with the Yoast SEO plugin v18.3 - https:\/\/yoast.com\/wordpress\/plugins\/seo\/ -->\n<title>Events - Hradn\u00e1 Re\u0161taur\u00e1cia<\/title>\n<meta name=\"robots\" content=\"index, follow, max-snippet:-1, max-image-preview:large, max-video-preview:-1\" \/>\n<link rel=\"canonical\" href=\"https:\/\/hradna.com\/en\/events\/\" \/>\n<meta property=\"og:locale\" content=\"en_US\" \/>\n<meta property=\"og:type\" content=\"article\" \/>\n<meta property=\"og:title\" content=\"Events - Hradn\u00e1 Re\u0161taur\u00e1cia\" \/>\n<meta property=\"og:description\" content=\"Add the best view to your event! Are you planning a corporate training event, workshop, conference, or year-end party? An exceptional event needs an exceptional space. We\u2019ll also provide complete organization and catering. A unique venue you won\u2019t find anywhere else in Bratislava The Castle Restaurant is located directly in the area of Bratislava Castle &hellip; Continue reading &quot;Events&quot;\" \/>\n<meta property=\"og:url\" content=\"https:\/\/hradna.com\/en\/events\/\" \/>\n<meta property=\"og:site_name\" content=\"Hradn\u00e1 Re\u0161taur\u00e1cia\" \/>\n<meta property=\"article:publisher\" content=\"https:\/\/www.facebook.com\/Re%c5%a1taur%c3%a1cia-HRADN%c3%81-101880362453349\" \/>\n<meta property=\"article:modified_time\" content=\"2025-09-29T12:44:11+00:00\" \/>\n<meta name=\"twitter:card\" content=\"summary_large_image\" \/>\n<meta name=\"twitter:label1\" content=\"Est. reading time\" \/>\n\t<meta name=\"twitter:data1\" content=\"1 minute\" \/>\n<script type=\"application\/ld+json\" class=\"yoast-schema-graph\">{\"@context\":\"https:\/\/schema.org\",\"@graph\":[{\"@type\":\"WebSite\",\"@id\":\"https:\/\/hradna.com\/#website\",\"url\":\"https:\/\/hradna.com\/\",\"name\":\"Hradn\u00e1 Re\u0161taur\u00e1cia\",\"description\":\"Nov\u00e1 kultov\u00e1 re\u0161taur\u00e1cia na Bratislavskom hrade\",\"potentialAction\":[{\"@type\":\"SearchAction\",\"target\":{\"@type\":\"EntryPoint\",\"urlTemplate\":\"https:\/\/hradna.com\/?s={search_term_string}\"},\"query-input\":\"required name=search_term_string\"}],\"inLanguage\":\"en-US\"},{\"@type\":\"WebPage\",\"@id\":\"https:\/\/hradna.com\/en\/events\/#webpage\",\"url\":\"https:\/\/hradna.com\/en\/events\/\",\"name\":\"Events - Hradn\u00e1 Re\u0161taur\u00e1cia\",\"isPartOf\":{\"@id\":\"https:\/\/hradna.com\/#website\"},\"datePublished\":\"2025-09-25T17:07:54+00:00\",\"dateModified\":\"2025-09-29T12:44:11+00:00\",\"breadcrumb\":{\"@id\":\"https:\/\/hradna.com\/en\/events\/#breadcrumb\"},\"inLanguage\":\"en-US\",\"potentialAction\":[{\"@type\":\"ReadAction\",\"target\":[\"https:\/\/hradna.com\/en\/events\/\"]}]},{\"@type\":\"BreadcrumbList\",\"@id\":\"https:\/\/hradna.com\/en\/events\/#breadcrumb\",\"itemListElement\":[{\"@type\":\"ListItem\",\"position\":1,\"name\":\"Domovsk\u00e1 str\u00e1nka\",\"item\":\"https:\/\/hradna.com\/\"},{\"@type\":\"ListItem\",\"position\":2,\"name\":\"Events\"}]}]}<\/script>\n<!-- \/ Yoast SEO plugin. -->","yoast_head_json":{"title":"Events - Hradn\u00e1 Re\u0161taur\u00e1cia","robots":{"index":"index","follow":"follow","max-snippet":"max-snippet:-1","max-image-preview":"max-image-preview:large","max-video-preview":"max-video-preview:-1"},"canonical":"https:\/\/hradna.com\/en\/events\/","og_locale":"en_US","og_type":"article","og_title":"Events - Hradn\u00e1 Re\u0161taur\u00e1cia","og_description":"Add the best view to your event! Are you planning a corporate training event, workshop, conference, or year-end party? An exceptional event needs an exceptional space. We\u2019ll also provide complete organization and catering. A unique venue you won\u2019t find anywhere else in Bratislava The Castle Restaurant is located directly in the area of Bratislava Castle &hellip; Continue reading \"Events\"","og_url":"https:\/\/hradna.com\/en\/events\/","og_site_name":"Hradn\u00e1 Re\u0161taur\u00e1cia","article_publisher":"https:\/\/www.facebook.com\/Re%c5%a1taur%c3%a1cia-HRADN%c3%81-101880362453349","article_modified_time":"2025-09-29T12:44:11+00:00","twitter_card":"summary_large_image","twitter_misc":{"Est. reading time":"1 minute"},"schema":{"@context":"https:\/\/schema.org","@graph":[{"@type":"WebSite","@id":"https:\/\/hradna.com\/#website","url":"https:\/\/hradna.com\/","name":"Hradn\u00e1 Re\u0161taur\u00e1cia","description":"Nov\u00e1 kultov\u00e1 re\u0161taur\u00e1cia na Bratislavskom hrade","potentialAction":[{"@type":"SearchAction","target":{"@type":"EntryPoint","urlTemplate":"https:\/\/hradna.com\/?s={search_term_string}"},"query-input":"required name=search_term_string"}],"inLanguage":"en-US"},{"@type":"WebPage","@id":"https:\/\/hradna.com\/en\/events\/#webpage","url":"https:\/\/hradna.com\/en\/events\/","name":"Events - Hradn\u00e1 Re\u0161taur\u00e1cia","isPartOf":{"@id":"https:\/\/hradna.com\/#website"},"datePublished":"2025-09-25T17:07:54+00:00","dateModified":"2025-09-29T12:44:11+00:00","breadcrumb":{"@id":"https:\/\/hradna.com\/en\/events\/#breadcrumb"},"inLanguage":"en-US","potentialAction":[{"@type":"ReadAction","target":["https:\/\/hradna.com\/en\/events\/"]}]},{"@type":"BreadcrumbList","@id":"https:\/\/hradna.com\/en\/events\/#breadcrumb","itemListElement":[{"@type":"ListItem","position":1,"name":"Domovsk\u00e1 str\u00e1nka","item":"https:\/\/hradna.com\/"},{"@type":"ListItem","position":2,"name":"Events"}]}]}},"_links":{"self":[{"href":"https:\/\/hradna.com\/en\/wp-json\/wp\/v2\/pages\/2455","targetHints":{"allow":["GET"]}}],"collection":[{"href":"https:\/\/hradna.com\/en\/wp-json\/wp\/v2\/pages"}],"about":[{"href":"https:\/\/hradna.com\/en\/wp-json\/wp\/v2\/types\/page"}],"author":[{"embeddable":true,"href":"https:\/\/hradna.com\/en\/wp-json\/wp\/v2\/users\/1"}],"replies":[{"embeddable":true,"href":"https:\/\/hradna.com\/en\/wp-json\/wp\/v2\/comments?post=2455"}],"version-history":[{"count":2,"href":"https:\/\/hradna.com\/en\/wp-json\/wp\/v2\/pages\/2455\/revisions"}],"predecessor-version":[{"id":2464,"href":"https:\/\/hradna.com\/en\/wp-json\/wp\/v2\/pages\/2455\/revisions\/2464"}],"wp:attachment":[{"href":"https:\/\/hradna.com\/en\/wp-json\/wp\/v2\/media?parent=2455"}],"curies":[{"name":"wp","href":"https:\/\/api.w.org\/{rel}","templated":true}]}}